{"id":20,"date":"2022-11-23T09:18:53","date_gmt":"2022-11-23T09:18:53","guid":{"rendered":"https:\/\/comp-chem-lab.de\/?page_id=20"},"modified":"2023-06-28T10:53:40","modified_gmt":"2023-06-28T10:53:40","slug":"datenschutzerklaerung","status":"publish","type":"page","link":"https:\/\/comp-chem-lab.de\/en\/datenschutzerklaerung\/","title":{"rendered":"Datenschutzerkl\u00e4rung"},"content":{"rendered":"<div data-elementor-type=\"wp-page\" data-elementor-id=\"20\" class=\"elementor elementor-20\" data-elementor-post-type=\"page\">\n\t\t\t\t\t\t<section class=\"elementor-section elementor-top-section elementor-element elementor-element-1bb15b0 elementor-section-boxed elementor-section-height-default elementor-section-height-default\" data-id=\"1bb15b0\" data-element_type=\"section\" data-e-type=\"section\" data-settings=\"{&quot;background_background&quot;:&quot;classic&quot;}\">\n\t\t\t\t\t\t<div class=\"elementor-container elementor-column-gap-default\">\n\t\t\t\t\t<div class=\"elementor-column elementor-col-100 elementor-top-column elementor-element elementor-element-7d66fea\" data-id=\"7d66fea\" data-element_type=\"column\" data-e-type=\"column\">\n\t\t\t<div class=\"elementor-widget-wrap elementor-element-populated\">\n\t\t\t\t\t\t<div class=\"elementor-element elementor-element-39eb7ab elementor-widget elementor-widget-heading\" data-id=\"39eb7ab\" data-element_type=\"widget\" data-e-type=\"widget\" data-widget_type=\"heading.default\">\n\t\t\t\t<div class=\"elementor-widget-container\">\n\t\t\t\t\t<h1 class=\"elementor-heading-title elementor-size-default\">Datenschutzerkl\u00e4rung<\/h1>\t\t\t\t<\/div>\n\t\t\t\t<\/div>\n\t\t\t\t<div class=\"elementor-element elementor-element-bfa021f elementor-widget elementor-widget-text-editor\" data-id=\"bfa021f\" data-element_type=\"widget\" data-e-type=\"widget\" data-widget_type=\"text-editor.default\">\n\t\t\t\t<div class=\"elementor-widget-container\">\n\t\t\t\t\t\t\t\t\t<h2 id=\"allgemeines\">I. Allgemeines<\/h2>\n<p>(1) Nachfolgend informieren wir Sie \u00fcber die Erhebung personenbezogener Daten bei der Nutzung unserer Internetseite.<\/p>\n<p>(2) Der Begriff &#8218;personenbezogene Daten&#8216; meint unter Verweis auf die Definition des Art. 4 Nr. 1 der Verordnung (EU) 2016\/679 (nachfolgend bezeichnet als &#8218;Datenschutz-Grundverordnung&#8216; bzw. kurz &#8218;DSGVO&#8216;) alle Daten, die auf Sie pers\u00f6nlich beziehbar sind. Darunter fallen beispielsweise Name, Adresse, E-Mail-Adresse, Nutzerverhalten. Hinsichtlich weiterer Begrifflichkeiten, insbesondere der Begriffe &#8218;Verarbeitung&#8216;, &#8218;Verantwortlicher&#8216;, &#8218;Auftragsverarbeiter&#8216; und &#8218;Einwilligung&#8216;, verweisen wir auf die gesetzlichen datenschutzrechtlichen Definitionen des Art. 4 DSGVO.<\/p>\n<p>(3) Wir verarbeiten personenbezogene Daten grunds\u00e4tzlich nur, soweit dies zur Bereitstellung einer funktionsf\u00e4higen Webseite sowie der von uns angebotenen Inhalte und Leistungen erforderlich ist. Die Verarbeitung personenbezogener Daten erfolgt regelm\u00e4\u00dfig nur dann, wenn Sie uns eine Einwilligung im Sinne des Art. 6 Abs. 1 lit. a) DSGVO erteilt haben oder die Verarbeitung durch gesetzliche Vorschriften, insbesondere durch eine der in Art. 6 Abs. 1 lit. b) bis lit. f) DSGVO genannten Rechtsgrundlagen, gestattet ist.<\/p>\n<p>(4) Ihre personenbezogenen Daten werden gel\u00f6scht oder gesperrt, sobald der Zweck der Speicherung entf\u00e4llt. Eine Speicherung kann dar\u00fcber hinaus dann erfolgen, wenn dies durch nationale oder europ\u00e4ische Vorschriften, denen wir unterliegen, vorgesehen wurde. Eine Sperrung oder L\u00f6schung der Daten erfolgt in diesem Fall dann, wenn die in den jeweiligen Vorschriften vorgeschriebene Speicherfrist abgelaufen ist. Letzteres gilt dann nicht, wenn eine weitere Speicherung der Daten f\u00fcr einen Vertragsabschluss oder eine Vertragserf\u00fcllung erforderlich ist.<\/p>\n<p>(5) Soweit wir f\u00fcr einzelne Funktionen unserer Webseite auf beauftragte Dienstleister zur\u00fcckgreifen oder Ihre Daten f\u00fcr werbliche Zwecke nutzen m\u00f6chten, werden wir Sie untenstehend im Detail \u00fcber die jeweiligen Vorg\u00e4nge informieren.<\/p>\t\t\t\t\t\t\t\t<\/div>\n\t\t\t\t<\/div>\n\t\t\t\t<div class=\"elementor-element elementor-element-38b674d elementor-widget elementor-widget-text-editor\" data-id=\"38b674d\" data-element_type=\"widget\" data-e-type=\"widget\" data-widget_type=\"text-editor.default\">\n\t\t\t\t<div class=\"elementor-widget-container\">\n\t\t\t\t\t\t\t\t\t<h2 id=\"verantwortliche-stelle\">II. Verantwortliche Stelle<\/h2>\n<p>(1) Verantwortlicher im Sinne des Art. 4 Nr. 7 DSGVO, der sonstigen in den Mitgliedstaaten der Europ\u00e4ischen Union geltenden Datenschutzgesetze und anderer Vorschriften sowie Bestimmungen mit datenschutzrechtlichem Charakter ist:<\/p>\n<p>Dr. Benjamin P\u00f6lloth<\/p>\n<p>Eberhard Karls Universit\u00e4t T\u00fcbingen<br>Department of Chemistry Education<br>Auf der Morgenstelle 18<br>72076 T\u00fcbingen\/Germany<\/p><p>phone number: 07071\/29-73003<br><a class=\"mail\" href=\"mailto:benjamin.poelloth@uni-tuebingen.de\">benjamin.poelloth@uni-tuebingen.de<\/a><\/p>\n<p>(2) Weitere Einzelheiten zur verantwortlichen Stelle k\u00f6nnen Sie unserem Impressum entnehmen.<\/p>\t\t\t\t\t\t\t\t<\/div>\n\t\t\t\t<\/div>\n\t\t\t\t<div class=\"elementor-element elementor-element-3b08837 elementor-widget elementor-widget-text-editor\" data-id=\"3b08837\" data-element_type=\"widget\" data-e-type=\"widget\" data-widget_type=\"text-editor.default\">\n\t\t\t\t<div class=\"elementor-widget-container\">\n\t\t\t\t\t\t\t\t\t<h2 id=\"ihre-rechte\">III. Ihre Rechte<\/h2>\n<p>(1) Sie haben uns gegen\u00fcber hinsichtlich der Sie betreffenden personenbezogenen Daten die nachfolgenden Rechte:<\/p>\n<ul>\n<li>das Recht auf Auskunft,<\/li>\n<li>das Recht auf Berichtigung und L\u00f6schung,<\/li>\n<li>das Recht auf Einschr\u00e4nkung der Verarbeitung,<\/li>\n<li>das Recht auf Widerspruch gegen die Verarbeitung,<\/li>\n<li>das Recht auf Daten\u00fcbertragbarkeit.<\/li>\n<\/ul>\n<p>(2) Sie haben zus\u00e4tzlich das Recht, sich bei einer Datenschutz-Aufsichtsbeh\u00f6rde \u00fcber die Verarbeitung Ihrer personenbezogenen Daten durch uns zu beschweren.<\/p>\t\t\t\t\t\t\t\t<\/div>\n\t\t\t\t<\/div>\n\t\t\t\t<div class=\"elementor-element elementor-element-197628f elementor-widget elementor-widget-text-editor\" data-id=\"197628f\" data-element_type=\"widget\" data-e-type=\"widget\" data-widget_type=\"text-editor.default\">\n\t\t\t\t<div class=\"elementor-widget-container\">\n\t\t\t\t\t\t\t\t\t<h2 id=\"verarbeitung-personenbezogener-daten-bei-informatorischer-nutzung-unserer-webseite\">IV. Verarbeitung personenbezogener Daten bei informatorischer Nutzung unserer Webseite<\/h2>\n<p>(1) Wenn Sie unsere Webseite aufrufen, ohne sich dabei zu registrieren oder uns auf andere Weise Informationen zukommen zu lassen (&#8218;Informatorische Nutzung&#8216;), erheben wir nur diejenigen personenbezogenen Daten, die Ihr Webbrowser an unseren Server \u00fcbermittelt. Wenn Sie unsere Webseite betrachten m\u00f6chten, erheben wir die folgenden Daten, die f\u00fcr uns technisch erforderlich sind, um Ihnen die Anzeige unserer Webseite zu erm\u00f6glichen und die Stabilit\u00e4t und Sicherheit zu gew\u00e4hrleisten: IP-Adresse, Datum und Uhrzeit der Anfrage, Zeitzonendifferenz zu GMT, Inhalt der Webseite, Zugriffsstatus (HTTP-Status), \u00fcbertragene Datenmenge, Anforderungs-Website, Webbrowser, Betriebssystem, Sprache und Version des Browsers<\/p>\n<p>(2) Die vorgenannten Daten werden ebenfalls in sog. Logfiles auf unseren Servern gespeichert. Eine Speicherung dieser Daten zusammen mit anderen personenbezogenen Daten von Ihnen findet nicht statt.<\/p>\n<p>(3) Die Speicherung der oben genannten Daten in Logfiles dient der Sicherstellung der Funktionsf\u00e4higkeit und zur Optimierung unserer Webseite sowie zur Sicherstellung der Sicherheit unserer informationstechnischen Systeme.<\/p>\n<p>(4) Eine Auswertung dieser Daten zu Marketingzwecken findet nicht statt.In den vorstehenden Zwecken liegt unser berechtigtes Interesse an der Datenverarbeitung. Rechtsgrundlage f\u00fcr die Erhebung und die vor\u00fcbergehende Speicherung der vorgenannten Daten und der Logfiles ist Art. 6 Abs. 1 S. 1 lit. f) DSGVO.Die vorstehenden Daten zur Bereitstellung unserer Website werden gel\u00f6scht, wenn die jeweilige Sitzung beendet ist. Die Erhebung der vorstehenden Daten zur Bereitstellung unserer Webseite ist f\u00fcr den Betrieb unserer Website zwingend erforderlich. Es besteht keine Widerspruchsm\u00f6glichkeit.<\/p>\t\t\t\t\t\t\t\t<\/div>\n\t\t\t\t<\/div>\n\t\t\t\t<div class=\"elementor-element elementor-element-5af60a2 elementor-widget elementor-widget-text-editor\" data-id=\"5af60a2\" data-element_type=\"widget\" data-e-type=\"widget\" data-widget_type=\"text-editor.default\">\n\t\t\t\t<div class=\"elementor-widget-container\">\n\t\t\t\t\t\t\t\t\t<h2 id=\"verarbeitung-personenbezogener-daten-durch-cookies\">V. Verarbeitung personenbezogener Daten durch Cookies<\/h2>\n<p>(1) Wir verwenden auf unserer Webseite sog. Cookies. Bei Cookies handelt es sich um kleine Textdateien, die auf dem Speichermedium Ihres Endger\u00e4tes, also beispielsweise auf einer Festplatte, gespeichert werden und durch die uns als Stelle, die den Cookie setzt, bestimmte Informationen zuflie\u00dfen. Cookies k\u00f6nnen keine Programme ausf\u00fchren oder Viren auf Ihr Endger\u00e4t \u00fcbertragen. Diese Webseite verwendet folgende Arten von Cookies, deren Umfang und Funktionsweise nachfolgend erl\u00e4utert werden.<\/p>\n<p>(2) Cookies, die Ihrem Webbrowser zugeh\u00f6rig gespeichert werden:<\/p>\n<ul>\n<li>Transiente Cookies: Diese Cookies werden automatisiert gel\u00f6scht, wenn Sie Ihren Webbrowser schlie\u00dfen. Dazu z\u00e4hlen insbesondere Session-Cookies. Diese speichern eine sog. Session-ID, anhand der sich verschiedene Anfragen Ihres Webbrowsers der gemeinsamen Sitzung zuordnen lassen. Dies erm\u00f6glicht eine Wiedererkennung Ihres Endger\u00e4ts, wenn Sie auf unsere Website zur\u00fcckkehren. Session-Cookies werden gel\u00f6scht, sobald Sie sich ausloggen oder den Webbrowser schlie\u00dfen.<\/li>\n<\/ul>\n<p>(3) Die Verarbeitung personenbezogener Daten durch die vorstehenden Cookies dient dazu, das Angebot unserer Webseite insgesamt f\u00fcr Sie nutzerfreundlicher und effektiver zu machen. Einige Funktionen unserer Webseite k\u00f6nnen ohne den Einsatz dieser Cookies nicht angeboten werden. Insbesondere erfordern einige Funktionen unserer Webseite es, dass Ihr Webbrowser auch noch nach einem Seitenwechsel identifiziert werden kann. Soweit Sie \u00fcber einen Account verf\u00fcgen, setzen wir die Cookies ein, um Sie f\u00fcr Folgebesuche identifizieren zu k\u00f6nnen. Dadurch wird vermieden, dass Sie sich bei jedem Besuch unserer Webseite erneut einloggen m\u00fcssen. Diejenigen Daten, die durch Cookies verarbeitet werden, die f\u00fcr die Bereitstellung der Funktionen unserer Webseite erforderlich sind, werden nicht zur Erstellung von Nutzerprofilen verwendet. Soweit Cookies zu Analysezwecken eingesetzt werden, dienen diese dazu, die Qualit\u00e4t und Nutzerfreundlichkeit unserer Webseite, ihrer Inhalte und Funktionen zu verbessern. Sie erm\u00f6glichen uns, nachzuvollziehen, wie die Webseite, welche Funktionen und wie oft diese genutzt werden. Dies erm\u00f6glicht uns, unser Angebot fortlaufend zu optimieren.<\/p>\n<p>(4) Soweit Cookies nicht technisch zwingend erforderlich sind, setzen wir diese nur mit Ihrer zuvor erkl\u00e4rten Einwilligung, die Sie zudem jederzeit widerrufen k\u00f6nnen. Rechtsgrundlage ist Art. 6 Abs. 1 lit. a) DSGVO.<\/p>\n<p>(5) Die vorstehenden Cookies werden auf Ihrem Endger\u00e4t gespeichert und von diesem an unseren Server \u00fcbermittelt. Sie k\u00f6nnen daher die Verarbeitung der Daten und Informationen durch Cookies selbst konfigurieren. Sie k\u00f6nnen in den Einstellungen Ihres Webbrowsers entsprechende Konfigurationen vornehmen, durch die Sie beispielsweise Third-Party-Cookies oder Cookies insgesamt ablehnen k\u00f6nnen. In diesem Zusammenhang m\u00f6chten wir Sie darauf hinweisen, dass Sie dann eventuell nicht alle Funktionen unserer Webseite ordnungsgem\u00e4\u00df nutzen k\u00f6nnen. Dar\u00fcber hinaus empfehlen wir eine regelm\u00e4\u00dfige manuelle L\u00f6schung von Cookies sowie Ihres Browser-Verlaufs.<\/p>\t\t\t\t\t\t\t\t<\/div>\n\t\t\t\t<\/div>\n\t\t\t\t<div class=\"elementor-element elementor-element-110d272 elementor-widget-divider--view-line elementor-widget elementor-widget-divider\" data-id=\"110d272\" data-element_type=\"widget\" data-e-type=\"widget\" data-widget_type=\"divider.default\">\n\t\t\t\t<div class=\"elementor-widget-container\">\n\t\t\t\t\t\t\t<div class=\"elementor-divider\">\n\t\t\t<span class=\"elementor-divider-separator\">\n\t\t\t\t\t\t<\/span>\n\t\t<\/div>\n\t\t\t\t\t\t<\/div>\n\t\t\t\t<\/div>\n\t\t\t\t\t<\/div>\n\t\t<\/div>\n\t\t\t\t\t<\/div>\n\t\t<\/section>\n\t\t\t\t<\/div>","protected":false},"excerpt":{"rendered":"<p>Datenschutzerkl\u00e4rung I. Allgemeines (1) Nachfolgend informieren wir Sie \u00fcber die Erhebung personenbezogener Daten bei der Nutzung unserer Internetseite. (2) Der Begriff &#8218;personenbezogene Daten&#8216; meint unter Verweis auf die Definition des Art. 4 Nr. 1 der Verordnung (EU) 2016\/679 (nachfolgend bezeichnet als &#8218;Datenschutz-Grundverordnung&#8216; bzw. kurz &#8218;DSGVO&#8216;) alle Daten, die auf Sie pers\u00f6nlich beziehbar sind. Darunter fallen [&hellip;]<\/p>\n","protected":false},"author":2,"featured_media":0,"parent":0,"menu_order":0,"comment_status":"closed","ping_status":"closed","template":"","meta":{"inline_featured_image":false,"footnotes":""},"class_list":["post-20","page","type-page","status-publish","hentry"],"_links":{"self":[{"href":"https:\/\/comp-chem-lab.de\/en\/wp-json\/wp\/v2\/pages\/20","targetHints":{"allow":["GET"]}}],"collection":[{"href":"https:\/\/comp-chem-lab.de\/en\/wp-json\/wp\/v2\/pages"}],"about":[{"href":"https:\/\/comp-chem-lab.de\/en\/wp-json\/wp\/v2\/types\/page"}],"author":[{"embeddable":true,"href":"https:\/\/comp-chem-lab.de\/en\/wp-json\/wp\/v2\/users\/2"}],"replies":[{"embeddable":true,"href":"https:\/\/comp-chem-lab.de\/en\/wp-json\/wp\/v2\/comments?post=20"}],"version-history":[{"count":10,"href":"https:\/\/comp-chem-lab.de\/en\/wp-json\/wp\/v2\/pages\/20\/revisions"}],"predecessor-version":[{"id":1597,"href":"https:\/\/comp-chem-lab.de\/en\/wp-json\/wp\/v2\/pages\/20\/revisions\/1597"}],"wp:attachment":[{"href":"https:\/\/comp-chem-lab.de\/en\/wp-json\/wp\/v2\/media?parent=20"}],"curies":[{"name":"wp","href":"https:\/\/api.w.org\/{rel}","templated":true}]}}