{"id":786,"date":"2023-03-03T10:35:15","date_gmt":"2023-03-03T10:35:15","guid":{"rendered":"https:\/\/comp-chem-lab.de\/?page_id=786"},"modified":"2025-03-05T07:36:13","modified_gmt":"2025-03-05T07:36:13","slug":"h2cl2","status":"publish","type":"page","link":"https:\/\/comp-chem-lab.de\/en\/h2cl2\/","title":{"rendered":"Hydrogen reacts with Chlorine"},"content":{"rendered":"<div data-elementor-type=\"wp-page\" data-elementor-id=\"786\" class=\"elementor elementor-786\" data-elementor-post-type=\"page\">\n\t\t\t\t\t\t<section class=\"elementor-section elementor-top-section elementor-element elementor-element-63ec75d elementor-section-boxed elementor-section-height-default elementor-section-height-default\" data-id=\"63ec75d\" data-element_type=\"section\" data-e-type=\"section\" data-settings=\"{&quot;background_background&quot;:&quot;classic&quot;}\">\n\t\t\t\t\t\t<div class=\"elementor-container elementor-column-gap-default\">\n\t\t\t\t\t<div class=\"elementor-column elementor-col-100 elementor-top-column elementor-element elementor-element-6ca1ebc\" data-id=\"6ca1ebc\" data-element_type=\"column\" data-e-type=\"column\">\n\t\t\t<div class=\"elementor-widget-wrap elementor-element-populated\">\n\t\t\t\t\t\t<div class=\"elementor-element elementor-element-f24d96c elementor-widget__width-initial elementor-fixed e-transform elementor-widget elementor-widget-html\" data-id=\"f24d96c\" data-element_type=\"widget\" data-e-type=\"widget\" id=\"hint\" data-settings=\"{&quot;_position&quot;:&quot;fixed&quot;,&quot;_transform_translateX_effect_hover&quot;:{&quot;unit&quot;:&quot;px&quot;,&quot;size&quot;:7,&quot;sizes&quot;:[]},&quot;_transform_translateY_effect_hover&quot;:{&quot;unit&quot;:&quot;px&quot;,&quot;size&quot;:7,&quot;sizes&quot;:[]},&quot;_transform_translateX_effect_hover_tablet&quot;:{&quot;unit&quot;:&quot;px&quot;,&quot;size&quot;:&quot;&quot;,&quot;sizes&quot;:[]},&quot;_transform_translateX_effect_hover_mobile&quot;:{&quot;unit&quot;:&quot;px&quot;,&quot;size&quot;:&quot;&quot;,&quot;sizes&quot;:[]},&quot;_transform_translateY_effect_hover_tablet&quot;:{&quot;unit&quot;:&quot;px&quot;,&quot;size&quot;:&quot;&quot;,&quot;sizes&quot;:[]},&quot;_transform_translateY_effect_hover_mobile&quot;:{&quot;unit&quot;:&quot;px&quot;,&quot;size&quot;:&quot;&quot;,&quot;sizes&quot;:[]}}\" data-widget_type=\"html.default\">\n\t\t\t\t<div class=\"elementor-widget-container\">\n\t\t\t\t\t<div >\r\n<span class=\"hint-trigger\" id=\"hintTrigger\">?<\/span>\r\n\r\n<div class=\"popup-container\" style=\"display: none; \" id=\"hintContainer\">\r\n  <div class=\"popup-hint-content\">\r\n    <div class=\"html-block\" id=\"hint-content\">Need help? You can get hints by clicking on the blue question mark.<\/div>    \r\n  <\/div>\r\n  <\/div>\r\n<\/div>\t\t\t\t<\/div>\n\t\t\t\t<\/div>\n\t\t\t\t<div class=\"elementor-element elementor-element-237c245 elementor-widget elementor-widget-heading\" data-id=\"237c245\" data-element_type=\"widget\" data-e-type=\"widget\" data-widget_type=\"heading.default\">\n\t\t\t\t<div class=\"elementor-widget-container\">\n\t\t\t\t\t<h1 class=\"elementor-heading-title elementor-size-default\">The reaction of chlorine and hydrogen<\/h1>\t\t\t\t<\/div>\n\t\t\t\t<\/div>\n\t\t\t\t\t<\/div>\n\t\t<\/div>\n\t\t\t\t\t<\/div>\n\t\t<\/section>\n\t\t\t\t<section class=\"elementor-section elementor-top-section elementor-element elementor-element-969ae82 elementor-section-boxed elementor-section-height-default elementor-section-height-default\" data-id=\"969ae82\" data-element_type=\"section\" data-e-type=\"section\" data-settings=\"{&quot;background_background&quot;:&quot;classic&quot;}\">\n\t\t\t\t\t\t<div class=\"elementor-container elementor-column-gap-default\">\n\t\t\t\t\t<div class=\"elementor-column elementor-col-50 elementor-top-column elementor-element elementor-element-86c1236\" data-id=\"86c1236\" data-element_type=\"column\" data-e-type=\"column\">\n\t\t\t<div class=\"elementor-widget-wrap elementor-element-populated\">\n\t\t\t\t\t\t<div class=\"elementor-element elementor-element-8541ab2 elementor-widget elementor-widget-text-editor\" data-id=\"8541ab2\" data-element_type=\"widget\" data-e-type=\"widget\" data-widget_type=\"text-editor.default\">\n\t\t\t\t<div class=\"elementor-widget-container\">\n\t\t\t\t\t\t\t\t\t<p>Here you can investigate the reaction of chlorine and hydrogen gas by the methods of computational chemistry. You can watch the <a href=\"#link-popup-video\">experiment as a video<\/a> , the <a href=\"#link-popup-tutorial\"> tutorial<\/a> explains how to use the homepage.<\/p>\t\t\t\t\t\t\t\t<\/div>\n\t\t\t\t<\/div>\n\t\t\t\t<div class=\"elementor-element elementor-element-de91ffb elementor-widget__width-initial elementor-widget elementor-widget-button\" data-id=\"de91ffb\" data-element_type=\"widget\" data-e-type=\"widget\" id=\"videoH2Cl2\" data-widget_type=\"button.default\">\n\t\t\t\t<div class=\"elementor-widget-container\">\n\t\t\t\t\t\t\t\t\t<div class=\"elementor-button-wrapper\">\n\t\t\t\t\t<a class=\"elementor-button elementor-button-link elementor-size-sm\" href=\"#elementor-action%3Aaction%3Dpopup%3Aopen%26settings%3DeyJpZCI6Ijg1NyIsInRvZ2dsZSI6ZmFsc2V9\">\n\t\t\t\t\t\t<span class=\"elementor-button-content-wrapper\">\n\t\t\t\t\t\t\t\t\t<span class=\"elementor-button-text\">experiment<\/span>\n\t\t\t\t\t<\/span>\n\t\t\t\t\t<\/a>\n\t\t\t\t<\/div>\n\t\t\t\t\t\t\t\t<\/div>\n\t\t\t\t<\/div>\n\t\t\t\t<div class=\"elementor-element elementor-element-cd39f12 elementor-widget__width-initial buttonTutorial elementor-align-right elementor-widget elementor-widget-button\" data-id=\"cd39f12\" data-element_type=\"widget\" data-e-type=\"widget\" data-widget_type=\"button.default\">\n\t\t\t\t<div class=\"elementor-widget-container\">\n\t\t\t\t\t\t\t\t\t<div class=\"elementor-button-wrapper\">\n\t\t\t\t\t<a class=\"elementor-button elementor-button-link elementor-size-sm\" href=\"#elementor-action%3Aaction%3Dpopup%3Aopen%26settings%3DeyJpZCI6IjE2NDkiLCJ0b2dnbGUiOmZhbHNlfQ%3D%3D\">\n\t\t\t\t\t\t<span class=\"elementor-button-content-wrapper\">\n\t\t\t\t\t\t\t\t\t<span class=\"elementor-button-text\">tutorial<\/span>\n\t\t\t\t\t<\/span>\n\t\t\t\t\t<\/a>\n\t\t\t\t<\/div>\n\t\t\t\t\t\t\t\t<\/div>\n\t\t\t\t<\/div>\n\t\t\t\t\t<\/div>\n\t\t<\/div>\n\t\t\t\t<div class=\"elementor-column elementor-col-50 elementor-top-column elementor-element elementor-element-1a45d71\" data-id=\"1a45d71\" data-element_type=\"column\" data-e-type=\"column\">\n\t\t\t<div class=\"elementor-widget-wrap elementor-element-populated\">\n\t\t\t\t\t\t<div class=\"elementor-element elementor-element-694970e elementor-widget elementor-widget-text-editor\" data-id=\"694970e\" data-element_type=\"widget\" data-e-type=\"widget\" id=\"task-central\" data-widget_type=\"text-editor.default\">\n\t\t\t\t<div class=\"elementor-widget-container\">\n\t\t\t\t\t\t\t\t\tWith the help of computational chemical experiments you can explore the reaction yourself.\u00a0<a href=\"#link-popup-tutorial\">The tutorial video<\/a>\u00a0and\u00a0<a id=\"task-link\" href=\"#\">the tasks<\/a>\u00a0can support you.\t\t\t\t\t\t\t\t<\/div>\n\t\t\t\t<\/div>\n\t\t\t\t<div class=\"elementor-element elementor-element-6154b8e elementor-widget__width-initial html-block elementor-widget elementor-widget-html\" data-id=\"6154b8e\" data-element_type=\"widget\" data-e-type=\"widget\" id=\"task-input\" data-widget_type=\"html.default\">\n\t\t\t\t<div class=\"elementor-widget-container\">\n\t\t\t\t\t<input type=\"number\" id=\"taskAnswer\" maxlength=\"10\" size=\"6\" style=\"width: 60%; height: 2em;  vertical-align: top;\">&nbsp;&nbsp;<span id=\"task-unit\" style=\"display:inline;\"><\/span>\t\t\t\t<\/div>\n\t\t\t\t<\/div>\n\t\t\t\t<div class=\"elementor-element elementor-element-a31eeff elementor-widget__width-initial elementor-widget elementor-widget-button\" data-id=\"a31eeff\" data-element_type=\"widget\" data-e-type=\"widget\" id=\"task\" data-widget_type=\"button.default\">\n\t\t\t\t<div class=\"elementor-widget-container\">\n\t\t\t\t\t\t\t\t\t<div class=\"elementor-button-wrapper\">\n\t\t\t\t\t<a class=\"elementor-button elementor-button-link elementor-size-sm\" href=\"#\">\n\t\t\t\t\t\t<span class=\"elementor-button-content-wrapper\">\n\t\t\t\t\t\t\t\t\t<span class=\"elementor-button-text\">Task<\/span>\n\t\t\t\t\t<\/span>\n\t\t\t\t\t<\/a>\n\t\t\t\t<\/div>\n\t\t\t\t\t\t\t\t<\/div>\n\t\t\t\t<\/div>\n\t\t\t\t<div class=\"elementor-element elementor-element-d31754e elementor-widget elementor-widget-text-editor\" data-id=\"d31754e\" data-element_type=\"widget\" data-e-type=\"widget\" id=\"task-content\" data-widget_type=\"text-editor.default\">\n\t\t\t\t<div class=\"elementor-widget-container\">\n\t\t\t\t\t\t\t\t\t \t\t\t\t\t\t\t\t<\/div>\n\t\t\t\t<\/div>\n\t\t\t\t\t<\/div>\n\t\t<\/div>\n\t\t\t\t\t<\/div>\n\t\t<\/section>\n\t\t\t\t<section class=\"elementor-section elementor-top-section elementor-element elementor-element-31852e0 elementor-section-boxed elementor-section-height-default elementor-section-height-default\" data-id=\"31852e0\" data-element_type=\"section\" data-e-type=\"section\" data-settings=\"{&quot;background_background&quot;:&quot;classic&quot;}\">\n\t\t\t\t\t\t<div class=\"elementor-container elementor-column-gap-default\">\n\t\t\t\t\t<div class=\"elementor-column elementor-col-50 elementor-top-column elementor-element elementor-element-1e3bd1f\" data-id=\"1e3bd1f\" data-element_type=\"column\" data-e-type=\"column\">\n\t\t\t<div class=\"elementor-widget-wrap elementor-element-populated\">\n\t\t\t\t\t\t<div class=\"elementor-element elementor-element-c6cb63d html-block  elementor-widget elementor-widget-html\" data-id=\"c6cb63d\" data-element_type=\"widget\" data-e-type=\"widget\" id=\"Jsmol-div\" data-widget_type=\"html.default\">\n\t\t\t\t<div class=\"elementor-widget-container\">\n\t\t\t\t\t<div id=\"divStructure\">\n    <form action=\"#\" data-trp-original-action=\"#\" >\n    <p>system\n    <input type=\"radio\" id=\"H2\" name=\"input\" value=\"H2\" onclick=\"loadH2()\">\n    <label for=\"H2\">H<sub>2<\/sub><\/label>\n    <input type=\"radio\" id=\"Cl2\" name=\"input\" value=\"Cl2\" onclick=\"loadCl2()\">\n    <label for=\"Cl2\">Cl<sub>2<\/sub><\/label>\n    <input type=\"radio\" id=\"Cl2H\" name=\"input\" value=\"Cl2H\" onclick=\"loadCl2H()\">\n    <label for=\"Cl2H\">Cl<sub>2<\/sub>+H&middot;<\/label>\n    <input type=\"radio\" id=\"H2Cl\" name=\"input\" value=\"H2Cl\" onclick=\"loadH2Cl()\">\n    <label for=\"H2Cl\">H<sub>2<\/sub>+Cl&middot;<\/label>\n              <input type=\"hidden\" name=\"trp-form-language\" value=\"en\"\/><\/form>\n<\/div>\n\n<div id=\"lineardiv\" class=\"html-block-section\">\n    <label class=\"checkbox-container\">outer atoms fixed\n        <input id=\"freeze\" type=\"checkbox\" value=\"\u00c4u\u00dfere Atome fixiert\" onclick=\"doFunction();\"\/>\n        <span class=\"checkmark\"><\/span>\n    <\/label>\n    <label class=\"checkbox-container\">linear arrangement\n        <input id=\"linear\" type=\"checkbox\" value=\"Lineare Anordnung\" onclick=\"doFunction();\"\/>\n        <span class=\"checkmark\"><\/span>\n    <\/label>\n          <span class=\"help-text-trigger\" id=\"helpLinear\" >?<\/span>\n<div class=\"popup-container\" style=\"display: none; \" id=\"container-linear\">\n  <div class=\"popup-content\" id=\"helpLinearContent\">\n    Diese beiden Einstellungen sorgen daf\u00fcr, dass nur das mittlere Atom verschieben kannst. Das macht die Aufgabe deutlich leichter! Nat\u00fcrlich kannst du sp\u00e4ter auch ohne diese Einschr\u00e4nkungen experimentieren! <br> <a href=\"#link-popup-3D\" onclick=\"document.getElementById('container-linear').style.display='none';\"> Hier findest du das Tutorial zu dreiatomigen Systemen. <\/a> \n  <\/div>\n  <\/div>\n<\/div> \n<div id=\"JSradio\"><\/div>\n<div id=\"JSMol\" class=\"html-block-section touchable-element\"><\/div>\n          <span class=\"help-text-trigger\" id=\"helpButtons\" >?<\/span>\n<div class=\"popup-container\" style=\"display: none; \" id=\"container-struktur\">\n  <div class=\"popup-content\" id=\"helpButtonsContent\">\n    \"Calculate energy\" is the key function of this webpage. Clicking on this button, you start the quantum chemical calculation for the structure that you have chosen above.<br>If you click on \"reset structure\" you get back to the initial state, in case you don't see any atoms anymore. Clicking on \"Enter distances\" allows you to put in different values for the distance between the atoms. \"Calculate results\" is deactivated initially... After having calculated some values yourself, you can use the button to get some recalculated values.<br> <a href=\"#link-popup-struktur\" onclick=\"document.getElementById('container-struktur').style.display='none';\"> Here you can find the the tutorial on how to choose and calculate different structures. <\/a> \n  <\/div>\n  <\/div>\n<div id=\"calculate-reset\" class=\"html-block-section\">\n    <input id=\"Calculate\" type=\"button\" value=\"Calculate energy\" onclick=\"doFunction();\"\/>\n    <input id=\"Reset\" type=\"button\" value=\"Reset structure\" onclick=\"doFunction();\"\/>\n    <input id=\"ManDist\" type=\"button\" value=\"Enter distances\" onclick=\"doFunction();\"\/> \n    <input id=\"Results\" type=\"button\" value=\"Load results\" onclick=\"doFunction();\"\/>\n    <div>\n    <label class=\"checkbox-container\"> Animate results\n        <input type=\"checkbox\" id=\"Animation\">\n        <span class=\"checkmark\"><\/span>\n    <\/label>\n        <span class=\"help-text-trigger\" id=\"helpAnimation\" >?<\/span>\n<div class=\"popup-container\" style=\"display: none; \">\n  <div class=\"popup-content\" id=\"helpAnimationContent\">\n    Here your results get animated. Looking at the structure and the graph both at the same time, should make it easier to understand the reaction. However, this only makes sense, if you have already calculated some energy values...\n  <\/div>\n  <\/div>\n  <\/div>\n  \n  <\/div>\t\t\t\t<\/div>\n\t\t\t\t<\/div>\n\t\t\t\t<div class=\"elementor-element elementor-element-9629e89 html-block elementor-widget elementor-widget-html\" data-id=\"9629e89\" data-element_type=\"widget\" data-e-type=\"widget\" data-widget_type=\"html.default\">\n\t\t\t\t<div class=\"elementor-widget-container\">\n\t\t\t\t\t  <span class=\"help-text-trigger\" id=\"helpEnergy\" >?<\/span>\n<div class=\"popup-container\" style=\"display: none; \">\n  <div class=\"popup-content\" id=\"helpEnergyContent\">\n    The results of the quantum chemical calculation are presented here. The resulting value gives important information on the reaction, that is happening. <br>For the ones, that want to know more: The modulus is the difference between the total energy of the calculations below ant the energy of the separate atoms.\n  <\/div>\n  <\/div>\n<div class=\"html-block-section table-energy\">\n<table> \n    <tr> \n        <td>Energy: <\/td>  \n        <td id=\"result\"><b><span id=\"energy\"><\/span><\/b><span class=\"spinner\"><\/span>\n    <\/tr>\n\n<\/table>\n\n<\/div>\t\t\t\t<\/div>\n\t\t\t\t<\/div>\n\t\t\t\t\t<\/div>\n\t\t<\/div>\n\t\t\t\t<div class=\"elementor-column elementor-col-50 elementor-top-column elementor-element elementor-element-a45be5e\" data-id=\"a45be5e\" data-element_type=\"column\" data-e-type=\"column\">\n\t\t\t<div class=\"elementor-widget-wrap elementor-element-populated\">\n\t\t\t\t\t\t<div class=\"elementor-element elementor-element-c1bc81e html-block html-block-right elementor-widget elementor-widget-html\" data-id=\"c1bc81e\" data-element_type=\"widget\" data-e-type=\"widget\" data-widget_type=\"html.default\">\n\t\t\t\t<div class=\"elementor-widget-container\">\n\t\t\t\t\t<div>\n    <label class=\"checkbox-container\" >Show table of results\n        <input type=\"checkbox\" id=\"check_table\">\n        <span class=\"checkmark\"><\/span>\n    <\/label>\n    <span class=\"help-text-trigger\" id=\"helpTable\">?<\/span>\n<div class=\"popup-container\" style=\"display: none; \" id=\"container-tabelle\">\n  <div class=\"popup-content\" id=\"helpTableContent\">\n    In the table below you can see all the values that have already been calculated. Click at the top of the column to organize the table (e.g. from highest to lowest energy or distance)<br> <a href=\"#link-popup-tabelle\" onclick=\"document.getElementById('container-tabelle').style.display='none';\"> Here you can find the tutorial on the table and its handling. <\/a>\n  <\/div>\n<\/div>\n<\/div>\n\n<div id=\"divtable\" class=\"html-block-section\"  style=\"width:auto;height:300px;\">\n    <table id=\"datatable\" class=\"display\"><\/table>\n<\/div>\n<div class=\"html-block-section\">\n    <label class=\"checkbox-container\">Show graph <span id=\"2d_info\"><\/span>\n        <input type=\"checkbox\" id=\"check_scatter\" onchange=\"get_scatter(this)\"> \n        <span class=\"checkmark\"><\/span>\n    <\/label>\n     <span class=\"help-text-trigger\" id=\"help2d\">?<\/span>\n<div class=\"popup-container\" style=\"display: none; \" id=\"container-graph\">\n  <div class=\"popup-content\" id=\"help2dContent\">\n       The graph displays the energy depending on the chosen distance between the atoms. Click on the points in the graph to be shown the corresponding structure. You can also zoom into the graph. Click on the home button on the top right corner to get back to the default view. <br> <a href=\"#link-popup-graph\" onclick=\"document.getElementById('container-graph').style.display='none';\"> Here you can find the tutorial on the graph and its handling. <\/a> \n  <\/div>\n<\/div>\n<\/div>\n<div id=\"scatter\" class=\"html-block-section touchable-element\" style=\"width:auto;height:400px;\"><\/div>\n<div id=\"div_3Dscatter\" class=\"html-block-section\">\n    <label class=\"checkbox-container\">Show 3D-graph\n        <input type=\"checkbox\" id=\"check_3Dscatter\" onchange=\"get_3Dscatter(this)\">\n        <span class=\"checkmark\"><\/span>\n    <\/label>\n        <span class=\"help-text-trigger\" id=\"help3d\">?<\/span>\n<div class=\"popup-container\" style=\"display: none; \" id=\"container-3D\">\n  <div class=\"popup-content\" id=\"help3dContent\">\n    Wenn du drei ver\u00e4nderliche Gr\u00f6\u00dfen (z.B. zwei Abst\u00e4nde und eine Energie) hast, ben\u00f6tigst du zur Ansicht auch drei Dimensionen. Du kannst den 3D-Graphen drehen und zoomen, das \"Haus\"-Symbol bringt dich zur\u00fcck zur Anfangsansicht. Setze den Haken, um den 3D-Graphen zu sehen. <br>Tipp: Wenn du Probleme mit der Orientierung im 3D-Graphen hast, vergleiche zun\u00e4chst die Ansicht im 2D und 3D-Graphen f\u00fcr einen einfachen Fall.<br> <a href=\"#link-popup-3D\" onclick=\"document.getElementById('container-3D').style.display='none';\"> Hier findest du das Tutorial  zu dreiatomigen Systemen. <\/a> \n  <\/div>\n  <\/div>\n<\/div>\n<div id=\"3Dscatter\" class=\"html-block-section\" style=\"width:auto;height:500px;\"><\/div>\t\t\t\t<\/div>\n\t\t\t\t<\/div>\n\t\t\t\t\t<\/div>\n\t\t<\/div>\n\t\t\t\t\t<\/div>\n\t\t<\/section>\n\t\t\t\t<section class=\"elementor-section elementor-top-section elementor-element elementor-element-2919f7d elementor-section-boxed elementor-section-height-default elementor-section-height-default\" data-id=\"2919f7d\" data-element_type=\"section\" data-e-type=\"section\" data-settings=\"{&quot;background_background&quot;:&quot;classic&quot;}\">\n\t\t\t\t\t\t<div class=\"elementor-container elementor-column-gap-default\">\n\t\t\t\t\t<div class=\"elementor-column elementor-col-100 elementor-top-column elementor-element elementor-element-f0d1c9b\" data-id=\"f0d1c9b\" data-element_type=\"column\" data-e-type=\"column\">\n\t\t\t<div class=\"elementor-widget-wrap elementor-element-populated\">\n\t\t\t\t\t\t<div class=\"elementor-element elementor-element-41b2f93 html-block elementor-widget elementor-widget-html\" data-id=\"41b2f93\" data-element_type=\"widget\" data-e-type=\"widget\" data-widget_type=\"html.default\">\n\t\t\t\t<div class=\"elementor-widget-container\">\n\t\t\t\t\t<div id=\"outfile\">\n...\n<\/div>\n<!--input id=\"input\" type=\"file\"\/-->\n    <div class=\"file-input\" id=\"divInput\">\n        <input type=\"file\" id=\"file\" class=\"file\">\n        <label for=\"file\">Choose file<\/label>\n    <\/div>\n\t\t\t\t<\/div>\n\t\t\t\t<\/div>\n\t\t\t\t<div class=\"elementor-element elementor-element-05e86e8 elementor-widget elementor-widget-html\" data-id=\"05e86e8\" data-element_type=\"widget\" data-e-type=\"widget\" data-widget_type=\"html.default\">\n\t\t\t\t<div class=\"elementor-widget-container\">\n\t\t\t\t\tQuantum chemistry program package ORCA: Neese, <italic>WIREs Comput. Mol. Sci.<\/italic> <bold>2022<\/bold>, <italic>12<\/italic>. Commercial use is not prohibited. <span class=\"help-text-trigger\" id=\"helpOrca\" >?<\/span>\r\n<div class=\"popup-container\" style=\"display: none; \">\r\n  <div class=\"popup-content\" id=\"helpOrcaContent\">\r\n    In the box above you can see the output-file of the quantum chemical calculation. There, a lot of important information about the procedure of the calculation are presented - in case you want to know more about it, please go to the <a href=\"\/en\/faq\/\" target=\"_blank\"> FAQs. <\/a>\r\n  <\/div>\r\n  <\/div>\t\t\t\t<\/div>\n\t\t\t\t<\/div>\n\t\t\t\t\t<\/div>\n\t\t<\/div>\n\t\t\t\t\t<\/div>\n\t\t<\/section>\n\t\t\t\t<\/div>","protected":false},"excerpt":{"rendered":"<p>? Brauchst du Hilfe f\u00fcr die Aufgaben? Dann bekommst du hier Tipps! Die Chlorknallgas-Reaktion Hier kannst du die &#8222;Chlorknallgas-Reaktion&#8220; computerchemisch untersuchen! Im &#8222;Experiment&#8220;-Video siehst du die Reaktion zwischen Wasserstoff- und Chlorgas, das Tutorial erkl\u00e4rt die Bedienung der Homepage. Experiment Tutorial Mit computerchemischen Experimenten kannst du die Reaktion selbstst\u00e4ndig untersuchen.\u00a0Das Tutorial\u00a0und\u00a0die Aufgaben\u00a0k\u00f6nnen dir dabei helfen! Aufgabe [&hellip;]<\/p>\n","protected":false},"author":2,"featured_media":0,"parent":0,"menu_order":0,"comment_status":"closed","ping_status":"closed","template":"","meta":{"inline_featured_image":false,"footnotes":""},"class_list":["post-786","page","type-page","status-publish","hentry"],"_links":{"self":[{"href":"https:\/\/comp-chem-lab.de\/en\/wp-json\/wp\/v2\/pages\/786","targetHints":{"allow":["GET"]}}],"collection":[{"href":"https:\/\/comp-chem-lab.de\/en\/wp-json\/wp\/v2\/pages"}],"about":[{"href":"https:\/\/comp-chem-lab.de\/en\/wp-json\/wp\/v2\/types\/page"}],"author":[{"embeddable":true,"href":"https:\/\/comp-chem-lab.de\/en\/wp-json\/wp\/v2\/users\/2"}],"replies":[{"embeddable":true,"href":"https:\/\/comp-chem-lab.de\/en\/wp-json\/wp\/v2\/comments?post=786"}],"version-history":[{"count":782,"href":"https:\/\/comp-chem-lab.de\/en\/wp-json\/wp\/v2\/pages\/786\/revisions"}],"predecessor-version":[{"id":2615,"href":"https:\/\/comp-chem-lab.de\/en\/wp-json\/wp\/v2\/pages\/786\/revisions\/2615"}],"wp:attachment":[{"href":"https:\/\/comp-chem-lab.de\/en\/wp-json\/wp\/v2\/media?parent=786"}],"curies":[{"name":"wp","href":"https:\/\/api.w.org\/{rel}","templated":true}]}}